{"id":7,"date":"2026-02-12T00:42:35","date_gmt":"2026-02-12T00:42:35","guid":{"rendered":"https:\/\/www.8archetypes.info\/de\/?page_id=7"},"modified":"2026-02-13T17:43:13","modified_gmt":"2026-02-13T17:43:13","slug":"home","status":"publish","type":"page","link":"https:\/\/www.8archetypes.info\/de\/","title":{"rendered":"Home: Start"},"content":{"rendered":"\n<p class=\"has-text-align-right\"><a href=\"\/\">Sprachen<\/a> \u00b7 Start \u00b7 <a href=\"https:\/\/www.8archetypes.info\/de\/8-archetypes\/\" data-type=\"page\" data-id=\"9\">8 Archetypen<\/a> \u00b7 <a href=\"https:\/\/www.8archetypes.info\/de\/the-system\/\" data-type=\"page\" data-id=\"31\">Das System<\/a> \u00b7 <a href=\"https:\/\/www.8archetypes.info\/de\/take-the-test\/\" data-type=\"page\" data-id=\"29\">Mach&#8216; den Test<\/a> \u00b7 <a href=\"https:\/\/www.8archetypes.info\/de\/about\/\" data-type=\"page\" data-id=\"27\">\u00dcber<\/a><\/p>\n\n\n\n<hr class=\"wp-block-separator has-alpha-channel-opacity\"\/>\n\n\n\n<h1 class=\"wp-block-heading\">DIE 8 ARCHETYPEN<\/h1>\n\n\n\n<p>Ein praktisches System, um zu verstehen, <strong>wie du Wert schaffst<\/strong>, wo du feststeckst und welche Art von Arbeit wirklich zu dir passt.<\/p>\n\n\n\n<p>Das ist <strong>kein<\/strong> Pers\u00f6nlichkeitslabel.<br>Es ist eine Karte <strong>wiederkehrender Arbeitsmuster<\/strong>: wie du entwirfst, baust, verbindest, entscheidest, verbesserst und beitr\u00e4gst.<\/p>\n\n\n\n<p><strong>Wenn du einen schnellen Einstieg willst:<\/strong> Mach den Transformation-Archetypen-Test und hol dir dein Ergebnis.<\/p>\n\n\n\n<p><strong><strong>\u2192<\/strong><\/strong> <strong><a href=\"https:\/\/www.8archetypes.info\/de\/take-the-test\/\" data-type=\"page\" data-id=\"29\">Transformation-Archetypen-Test machen.<\/a><\/strong><br><em>(E-Mail erforderlich, um dir dein Ergebnis und die n\u00e4chsten Schritte zu schicken.)<\/em><\/p>\n\n\n\n<h2 class=\"wp-block-heading\">Was du bekommst<\/h2>\n\n\n\n<ul class=\"wp-block-list\">\n<li>Dein <strong>prim\u00e4res Archetypen-Ergebnis<\/strong><\/li>\n\n\n\n<li>Ein <strong>Ergebnis-PDF<\/strong> (Download-Link).<\/li>\n\n\n\n<li>Eine gestaffelte E-Mail-Sequenz, die dir hilft, das Ergebnis <strong>zu interpretieren und anzuwenden<\/strong>.<\/li>\n<\/ul>\n\n\n\n<p>Das ist so gestaltet, dass es n\u00fctzlich ist, selbst wenn du nie weitergehst als bis zu den kostenlosen Materialien.<\/p>\n\n\n\n<h2 class=\"wp-block-heading\">Was dieses System ist (und was nicht)<\/h2>\n\n\n\n<h3 class=\"wp-block-heading\">Das ist es<\/h3>\n\n\n\n<ul class=\"wp-block-list\">\n<li>Ein strukturiertes Modell von <strong>Arbeitsrollen und Arbeits-Loop<\/strong>.<\/li>\n\n\n\n<li>Ein Werkzeug, um <strong>St\u00e4rken, blinde Flecken und Muster von Fehlpassung<\/strong> zu kl\u00e4ren.<\/li>\n\n\n\n<li>Eine Art zu beschreiben, <strong>wie du unter Druck arbeitest<\/strong>, nicht wie du dich \u201ef\u00fchlst\u201c.<\/li>\n<\/ul>\n\n\n\n<h3 class=\"wp-block-heading\">Das ist es nicht<\/h3>\n\n\n\n<ul class=\"wp-block-list\">\n<li>Eine Diagnose.<\/li>\n\n\n\n<li>Eine Vorhersage deiner Zukunft.<\/li>\n\n\n\n<li>Ein \u201ebesser vs. schlechter\u201c-Ranking von Menschen.<\/li>\n\n\n\n<li>Ein Ersatz f\u00fcr professionelle Unterst\u00fctzung bei psychischer Gesundheit.<\/li>\n<\/ul>\n\n\n\n<h2 class=\"wp-block-heading\">Die 8 Archetypen auf einen Blick<\/h2>\n\n\n\n<p>Diese Archetypen orientieren sich an den Kernprozessen des Arbeits-Loops (entwerfen, interagieren, anwenden, bewerten und die Funktionen dazwischen).<\/p>\n\n\n\n<ul class=\"wp-block-list\">\n<li><strong><a href=\"https:\/\/www.8archetypes.info\/de\/8-archetypes\/1-concepter\/\" data-type=\"page\" data-id=\"11\">Konzepter<\/a><\/strong> \u2014 entwirft das Wesentliche (das \u201ewas\u201c hinter der Arbeit).<\/li>\n\n\n\n<li><strong><a href=\"https:\/\/www.8archetypes.info\/de\/8-archetypes\/2-star\/\" data-type=\"page\" data-id=\"13\">Star<\/a><\/strong> \u2014 aktiviert Ideen (macht das Neue sichtbar und \u00fcberzeugend).<\/li>\n\n\n\n<li><strong><a href=\"https:\/\/www.8archetypes.info\/de\/8-archetypes\/3-compagnion\/\" data-type=\"page\" data-id=\"15\">Begleiter<\/a><\/strong> \u2014 baut Interaktion auf (findet das \u201ewer\u201c und schafft Verbindung).<\/li>\n\n\n\n<li><strong><a href=\"https:\/\/www.8archetypes.info\/de\/8-archetypes\/4-negotiator\/\" data-type=\"page\" data-id=\"17\">Vermittler<\/a><\/strong> \u2014 formt Vereinbarungen (bringt wer\/wann in eine verbindliche Zusage).<\/li>\n\n\n\n<li><strong><a href=\"https:\/\/www.8archetypes.info\/de\/8-archetypes\/5-achiever\/\" data-type=\"page\" data-id=\"19\">Macher<\/a><\/strong> \u2014 treibt Anwendung voran (macht aus Timing Realisierung).<\/li>\n\n\n\n<li><strong><a href=\"https:\/\/www.8archetypes.info\/de\/8-archetypes\/6-stabiliser\/\" data-type=\"page\" data-id=\"21\">Regler<\/a><\/strong> \u2014 h\u00e4lt Umsetzung stabil (macht aus Aufwand Regelm\u00e4\u00dfigkeit).<\/li>\n\n\n\n<li><strong><a href=\"https:\/\/www.8archetypes.info\/de\/8-archetypes\/7-controller\/\" data-type=\"page\" data-id=\"23\">Controller<\/a><\/strong> \u2014 \u00fcberpr\u00fcft Ergebnisse (testet das \u201ewie\u201c auf Sicherheit).<\/li>\n\n\n\n<li><strong><a href=\"https:\/\/www.8archetypes.info\/de\/8-archetypes\/8-optimiser\/\" data-type=\"page\" data-id=\"25\">Optimierer<\/a><\/strong> \u2014 verfeinert Fakten (verbessert \u201ewie\/was\u201c in Richtung Perfektion).<\/li>\n<\/ul>\n\n\n\n<p><strong>\u2192<\/strong> <strong><a href=\"https:\/\/www.8archetypes.info\/de\/8-archetypes\/\" data-type=\"page\" data-id=\"9\">Die 8 Archetypen entdecken.<\/a><\/strong><\/p>\n\n\n\n<h2 class=\"wp-block-heading\">So funktioniert es<\/h2>\n\n\n\n<ol class=\"wp-block-list\">\n<li>Du machst den Transformation-Archetypen-Test.<\/li>\n\n\n\n<li>Du bekommst dein Ergebnis + PDF.<\/li>\n\n\n\n<li>Du bekommst eine kurze Sequenz, die dir hilft:<\/li>\n<\/ol>\n\n\n\n<ul class=\"wp-block-list\">\n<li>den Archetypen richtig zu verstehen,<\/li>\n\n\n\n<li>deine Standardfallen zu erkennen,<\/li>\n\n\n\n<li>einen konkreten n\u00e4chsten Schritt zu w\u00e4hlen.<\/li>\n<\/ul>\n\n\n\n<p><strong>\u2192<\/strong> <strong><a href=\"https:\/\/www.8archetypes.info\/de\/the-system\/\" data-type=\"page\" data-id=\"31\">Lies, wie das Archetypen-System funktioniert.<\/a><\/strong><\/p>\n\n\n\n<h2 class=\"wp-block-heading\">Datenschutz &amp; E-Mail (klar und ehrlich)<\/h2>\n\n\n\n<p>Um dir deinen Test-Link und dein Ergebnis zu schicken, fragen wir nach deiner E-Mail:<\/p>\n\n\n\n<ul class=\"wp-block-list\">\n<li>Wir nutzen deine E-Mail, um dir zu senden: den Test-Link, dein Ergebnis-PDF und die Follow-up-Sequenz.<\/li>\n\n\n\n<li>Du kannst dich jederzeit abmelden.<\/li>\n\n\n\n<li>Wir verkaufen deine Daten nicht.<\/li>\n<\/ul>\n\n\n\n<p><strong>\u2192<\/strong> <strong><a href=\"https:\/\/www.8archetypes.info\/de\/take-the-test\/\" data-type=\"page\" data-id=\"29\">Transformation-Archetypen-Test machen.<\/a><\/strong><\/p>\n\n\n\n<hr class=\"wp-block-separator has-alpha-channel-opacity\"\/>\n\n\n\n<p class=\"has-text-align-center\"><a href=\"https:\/\/www.8archetypes.info\/de\/site-imprint\/\" data-type=\"page\" data-id=\"35\">Impressum<\/a> \u00b7 <a href=\"https:\/\/www.8archetypes.info\/de\/site-disclaimer\/\" data-type=\"page\" data-id=\"33\">Disclaimer<\/a> \u00b7 <a href=\"https:\/\/www.8archetypes.info\/de\/site-privacy-policy\/\" data-type=\"page\" data-id=\"37\">Datenschutzerkl\u00e4rung<\/a><\/p>\n\n\n\n<p><\/p>\n","protected":false},"excerpt":{"rendered":"<p>Sprachen \u00b7 Start \u00b7 8 Archetypen \u00b7 Das System \u00b7 Mach&#8216; den Test \u00b7 \u00dcber DIE 8 ARCHETYPEN Ein praktisches System, um zu verstehen, wie du Wert schaffst, wo du feststeckst und welche Art von Arbeit wirklich zu dir passt. Das ist kein Pers\u00f6nlichkeitslabel.Es ist eine Karte wiederkehrender Arbeitsmuster: wie du entwirfst, baust, verbindest, entscheidest, [&hellip;]<\/p>\n","protected":false},"author":1,"featured_media":0,"parent":0,"menu_order":0,"comment_status":"closed","ping_status":"closed","template":"","meta":{"inline_featured_image":false,"_editorskit_title_hidden":true,"_editorskit_reading_time":0,"_editorskit_is_block_options_detached":false,"_editorskit_block_options_position":"{}","footnotes":""},"class_list":["post-7","page","type-page","status-publish","hentry"],"_links":{"self":[{"href":"https:\/\/www.8archetypes.info\/de\/wp-json\/wp\/v2\/pages\/7","targetHints":{"allow":["GET"]}}],"collection":[{"href":"https:\/\/www.8archetypes.info\/de\/wp-json\/wp\/v2\/pages"}],"about":[{"href":"https:\/\/www.8archetypes.info\/de\/wp-json\/wp\/v2\/types\/page"}],"author":[{"embeddable":true,"href":"https:\/\/www.8archetypes.info\/de\/wp-json\/wp\/v2\/users\/1"}],"replies":[{"embeddable":true,"href":"https:\/\/www.8archetypes.info\/de\/wp-json\/wp\/v2\/comments?post=7"}],"version-history":[{"count":4,"href":"https:\/\/www.8archetypes.info\/de\/wp-json\/wp\/v2\/pages\/7\/revisions"}],"predecessor-version":[{"id":64,"href":"https:\/\/www.8archetypes.info\/de\/wp-json\/wp\/v2\/pages\/7\/revisions\/64"}],"wp:attachment":[{"href":"https:\/\/www.8archetypes.info\/de\/wp-json\/wp\/v2\/media?parent=7"}],"curies":[{"name":"wp","href":"https:\/\/api.w.org\/{rel}","templated":true}]}}